{"id":3960,"date":"2025-06-11T16:49:05","date_gmt":"2025-06-11T16:49:05","guid":{"rendered":"https:\/\/comunicacionsocial.ufpso.edu.co\/?page_id=3960"},"modified":"2025-06-18T16:07:11","modified_gmt":"2025-06-18T16:07:11","slug":"autoevaluacion","status":"publish","type":"page","link":"https:\/\/comunicacionsocial.ufpso.edu.co\/?page_id=3960","title":{"rendered":"Autoevaluaci\u00f3n"},"content":{"rendered":"\n<p>El <strong>programa de Comunicaci\u00f3n Social<\/strong>, alineado con la cultura de autoevaluaci\u00f3n de la <strong>Universidad Francisco de Paula Santander (UFPS)<\/strong>, se compromete con su misi\u00f3n y el <strong>Plan de Desarrollo Institucional 2020-2030<\/strong>, cuyo objetivo es lograr una <strong>universidad acreditada de alta calidad, moderna y socialmente responsable<\/strong>. Como parte de este compromiso, el programa realiza el ejercicio de autoevaluaci\u00f3n con fines de <strong>acreditaci\u00f3n de alta calidad<\/strong>, con el prop\u00f3sito de verificar su ejercicio acad\u00e9mico frente a los factores y caracter\u00edsticas de evaluaci\u00f3n establecidos por el <strong>Consejo Nacional de Acreditaci\u00f3n (CNA)<\/strong>.<\/p>\n\n\n\n<p>A nivel institucional, la pol\u00edtica de alta calidad se reglamenta mediante el <strong>Acuerdo 106 de 2016 del Consejo Superior Universitario (CSU)<\/strong>, que reorganiza, reglamenta y formaliza esta pol\u00edtica. Para su implementaci\u00f3n, se adopta el <strong>Sistema Institucional de Aseguramiento de la Calidad (SIAC)<\/strong>, que agrupa los procesos e instrumentos acad\u00e9micos, administrativos y financieros que promueven y mejoran la calidad de manera continua. Este modelo se basa en el proceso de <strong>autoevaluaci\u00f3n institucional<\/strong> descrito en el <strong>Acuerdo 108 de 2016 del CSU<\/strong>.<\/p>\n\n\n\n<figure class=\"wp-block-image size-large is-resized\"><img loading=\"lazy\" decoding=\"async\" width=\"1024\" height=\"427\" src=\"https:\/\/comunicacionsocial.ufpso.edu.co\/wp-content\/uploads\/2025\/06\/autoeva-1024x427.jpg\" alt=\"\" class=\"wp-image-4268\" style=\"width:1170px;height:auto\" srcset=\"https:\/\/comunicacionsocial.ufpso.edu.co\/wp-content\/uploads\/2025\/06\/autoeva-1024x427.jpg 1024w, https:\/\/comunicacionsocial.ufpso.edu.co\/wp-content\/uploads\/2025\/06\/autoeva-300x125.jpg 300w, https:\/\/comunicacionsocial.ufpso.edu.co\/wp-content\/uploads\/2025\/06\/autoeva-768x320.jpg 768w, https:\/\/comunicacionsocial.ufpso.edu.co\/wp-content\/uploads\/2025\/06\/autoeva-1536x640.jpg 1536w, https:\/\/comunicacionsocial.ufpso.edu.co\/wp-content\/uploads\/2025\/06\/autoeva-2048x853.jpg 2048w\" sizes=\"auto, (max-width: 1024px) 100vw, 1024px\" \/><\/figure>\n\n\n\n<p>El proceso de autoevaluaci\u00f3n permite al programa identificar sus <strong>fortalezas<\/strong> y <strong>oportunidades de mejora<\/strong>, las cuales se trabajar\u00e1n a corto, mediano y largo plazo para garantizar un fortalecimiento continuo y el mantenimiento de las condiciones que han sido reconocidas como puntos fuertes del programa. Este ejercicio se realiza siguiendo el modelo institucional, que consta de las siguientes fases:<\/p>\n\n\n\n<ol class=\"wp-block-list\">\n<li><strong>Planeaci\u00f3n<\/strong><\/li>\n\n\n\n<li><strong>Ponderaci\u00f3n<\/strong><\/li>\n\n\n\n<li><strong>Recolecci\u00f3n de la informaci\u00f3n<\/strong><\/li>\n\n\n\n<li><strong>An\u00e1lisis de la informaci\u00f3n<\/strong><\/li>\n\n\n\n<li><strong>Emisi\u00f3n de juicios de valor o calificaci\u00f3n<\/strong><\/li>\n\n\n\n<li><strong>Elaboraci\u00f3n del plan de mejoramiento<\/strong><\/li>\n\n\n\n<li><strong>Socializaci\u00f3n de resultados<\/strong><\/li>\n\n\n\n<li><strong>Informe de autoevaluaci\u00f3n<\/strong><\/li>\n\n\n\n<li><strong>Seguimiento a los planes de mejoramiento<\/strong><\/li>\n<\/ol>\n\n\n\n<p>Este proceso de autoevaluaci\u00f3n es fundamental para avanzar en la acreditaci\u00f3n de alta calidad y para asegurar que el programa contin\u00fae mejorando y adapt\u00e1ndose a las necesidades acad\u00e9micas y sociales del entorno.<\/p>\n\n\n\n<h2 class=\"wp-block-heading\">Factores del proceso de evaluaci\u00f3n con fines de Acreditaci\u00f3n de Alta Calidad<\/h2>\n\n\n\n<figure class=\"wp-block-gallery has-nested-images columns-default is-cropped wp-block-gallery-1 is-layout-flex wp-block-gallery-is-layout-flex\">\n<figure class=\"wp-block-image size-large\"><img loading=\"lazy\" decoding=\"async\" width=\"426\" height=\"284\" data-id=\"4239\" src=\"https:\/\/comunicacionsocial.ufpso.edu.co\/wp-content\/uploads\/2025\/06\/Mesa-de-trabajo-1-100-1.jpg\" alt=\"\" class=\"wp-image-4239\" srcset=\"https:\/\/comunicacionsocial.ufpso.edu.co\/wp-content\/uploads\/2025\/06\/Mesa-de-trabajo-1-100-1.jpg 426w, https:\/\/comunicacionsocial.ufpso.edu.co\/wp-content\/uploads\/2025\/06\/Mesa-de-trabajo-1-100-1-300x200.jpg 300w\" sizes=\"auto, (max-width: 426px) 100vw, 426px\" \/><\/figure>\n\n\n\n<figure class=\"wp-block-image size-large\"><img loading=\"lazy\" decoding=\"async\" width=\"426\" height=\"284\" data-id=\"4240\" src=\"https:\/\/comunicacionsocial.ufpso.edu.co\/wp-content\/uploads\/2025\/06\/Mesa-de-trabajo-2-100-1.jpg\" alt=\"\" class=\"wp-image-4240\" srcset=\"https:\/\/comunicacionsocial.ufpso.edu.co\/wp-content\/uploads\/2025\/06\/Mesa-de-trabajo-2-100-1.jpg 426w, https:\/\/comunicacionsocial.ufpso.edu.co\/wp-content\/uploads\/2025\/06\/Mesa-de-trabajo-2-100-1-300x200.jpg 300w\" sizes=\"auto, (max-width: 426px) 100vw, 426px\" \/><\/figure>\n\n\n\n<figure class=\"wp-block-image size-large\"><img loading=\"lazy\" decoding=\"async\" width=\"426\" height=\"284\" data-id=\"4241\" src=\"https:\/\/comunicacionsocial.ufpso.edu.co\/wp-content\/uploads\/2025\/06\/Mesa-de-trabajo-3-100-1.jpg\" alt=\"\" class=\"wp-image-4241\" srcset=\"https:\/\/comunicacionsocial.ufpso.edu.co\/wp-content\/uploads\/2025\/06\/Mesa-de-trabajo-3-100-1.jpg 426w, https:\/\/comunicacionsocial.ufpso.edu.co\/wp-content\/uploads\/2025\/06\/Mesa-de-trabajo-3-100-1-300x200.jpg 300w\" sizes=\"auto, (max-width: 426px) 100vw, 426px\" \/><\/figure>\n\n\n\n<figure class=\"wp-block-image size-large\"><img loading=\"lazy\" decoding=\"async\" width=\"426\" height=\"284\" data-id=\"4242\" src=\"https:\/\/comunicacionsocial.ufpso.edu.co\/wp-content\/uploads\/2025\/06\/Mesa-de-trabajo-4-100-1.jpg\" alt=\"\" class=\"wp-image-4242\" srcset=\"https:\/\/comunicacionsocial.ufpso.edu.co\/wp-content\/uploads\/2025\/06\/Mesa-de-trabajo-4-100-1.jpg 426w, https:\/\/comunicacionsocial.ufpso.edu.co\/wp-content\/uploads\/2025\/06\/Mesa-de-trabajo-4-100-1-300x200.jpg 300w\" sizes=\"auto, (max-width: 426px) 100vw, 426px\" \/><\/figure>\n\n\n\n<figure class=\"wp-block-image size-large\"><img loading=\"lazy\" decoding=\"async\" width=\"426\" height=\"284\" data-id=\"4243\" src=\"https:\/\/comunicacionsocial.ufpso.edu.co\/wp-content\/uploads\/2025\/06\/Mesa-de-trabajo-5-100-1.jpg\" alt=\"\" class=\"wp-image-4243\" srcset=\"https:\/\/comunicacionsocial.ufpso.edu.co\/wp-content\/uploads\/2025\/06\/Mesa-de-trabajo-5-100-1.jpg 426w, https:\/\/comunicacionsocial.ufpso.edu.co\/wp-content\/uploads\/2025\/06\/Mesa-de-trabajo-5-100-1-300x200.jpg 300w\" sizes=\"auto, (max-width: 426px) 100vw, 426px\" \/><\/figure>\n\n\n\n<figure class=\"wp-block-image size-large\"><img loading=\"lazy\" decoding=\"async\" width=\"426\" height=\"284\" data-id=\"4245\" src=\"https:\/\/comunicacionsocial.ufpso.edu.co\/wp-content\/uploads\/2025\/06\/Mesa-de-trabajo-6-100-1.jpg\" alt=\"\" class=\"wp-image-4245\" srcset=\"https:\/\/comunicacionsocial.ufpso.edu.co\/wp-content\/uploads\/2025\/06\/Mesa-de-trabajo-6-100-1.jpg 426w, https:\/\/comunicacionsocial.ufpso.edu.co\/wp-content\/uploads\/2025\/06\/Mesa-de-trabajo-6-100-1-300x200.jpg 300w\" sizes=\"auto, (max-width: 426px) 100vw, 426px\" \/><\/figure>\n\n\n\n<figure class=\"wp-block-image size-large\"><img loading=\"lazy\" decoding=\"async\" width=\"426\" height=\"284\" data-id=\"4246\" src=\"https:\/\/comunicacionsocial.ufpso.edu.co\/wp-content\/uploads\/2025\/06\/Mesa-de-trabajo-7-100-1.jpg\" alt=\"\" class=\"wp-image-4246\" srcset=\"https:\/\/comunicacionsocial.ufpso.edu.co\/wp-content\/uploads\/2025\/06\/Mesa-de-trabajo-7-100-1.jpg 426w, https:\/\/comunicacionsocial.ufpso.edu.co\/wp-content\/uploads\/2025\/06\/Mesa-de-trabajo-7-100-1-300x200.jpg 300w\" sizes=\"auto, (max-width: 426px) 100vw, 426px\" \/><\/figure>\n\n\n\n<figure class=\"wp-block-image size-large\"><img loading=\"lazy\" decoding=\"async\" width=\"426\" height=\"284\" data-id=\"4244\" src=\"https:\/\/comunicacionsocial.ufpso.edu.co\/wp-content\/uploads\/2025\/06\/Mesa-de-trabajo-8-100-1.jpg\" alt=\"\" class=\"wp-image-4244\" srcset=\"https:\/\/comunicacionsocial.ufpso.edu.co\/wp-content\/uploads\/2025\/06\/Mesa-de-trabajo-8-100-1.jpg 426w, https:\/\/comunicacionsocial.ufpso.edu.co\/wp-content\/uploads\/2025\/06\/Mesa-de-trabajo-8-100-1-300x200.jpg 300w\" sizes=\"auto, (max-width: 426px) 100vw, 426px\" \/><\/figure>\n\n\n\n<figure class=\"wp-block-image size-large\"><img loading=\"lazy\" decoding=\"async\" width=\"426\" height=\"285\" data-id=\"4247\" src=\"https:\/\/comunicacionsocial.ufpso.edu.co\/wp-content\/uploads\/2025\/06\/Mesa-de-trabajo-9-100-1.jpg\" alt=\"\" class=\"wp-image-4247\" srcset=\"https:\/\/comunicacionsocial.ufpso.edu.co\/wp-content\/uploads\/2025\/06\/Mesa-de-trabajo-9-100-1.jpg 426w, https:\/\/comunicacionsocial.ufpso.edu.co\/wp-content\/uploads\/2025\/06\/Mesa-de-trabajo-9-100-1-300x201.jpg 300w\" sizes=\"auto, (max-width: 426px) 100vw, 426px\" \/><\/figure>\n\n\n\n<figure class=\"wp-block-image size-large\"><img loading=\"lazy\" decoding=\"async\" width=\"426\" height=\"285\" data-id=\"4249\" src=\"https:\/\/comunicacionsocial.ufpso.edu.co\/wp-content\/uploads\/2025\/06\/Mesa-de-trabajo-10-100-1.jpg\" alt=\"\" class=\"wp-image-4249\" srcset=\"https:\/\/comunicacionsocial.ufpso.edu.co\/wp-content\/uploads\/2025\/06\/Mesa-de-trabajo-10-100-1.jpg 426w, https:\/\/comunicacionsocial.ufpso.edu.co\/wp-content\/uploads\/2025\/06\/Mesa-de-trabajo-10-100-1-300x201.jpg 300w\" sizes=\"auto, (max-width: 426px) 100vw, 426px\" \/><\/figure>\n\n\n\n<figure class=\"wp-block-image size-large\"><img loading=\"lazy\" decoding=\"async\" width=\"426\" height=\"285\" data-id=\"4248\" src=\"https:\/\/comunicacionsocial.ufpso.edu.co\/wp-content\/uploads\/2025\/06\/Mesa-de-trabajo-11-100-1.jpg\" alt=\"\" class=\"wp-image-4248\" srcset=\"https:\/\/comunicacionsocial.ufpso.edu.co\/wp-content\/uploads\/2025\/06\/Mesa-de-trabajo-11-100-1.jpg 426w, https:\/\/comunicacionsocial.ufpso.edu.co\/wp-content\/uploads\/2025\/06\/Mesa-de-trabajo-11-100-1-300x201.jpg 300w\" sizes=\"auto, (max-width: 426px) 100vw, 426px\" \/><\/figure>\n\n\n\n<figure class=\"wp-block-image size-large\"><img loading=\"lazy\" decoding=\"async\" width=\"426\" height=\"285\" data-id=\"4250\" src=\"https:\/\/comunicacionsocial.ufpso.edu.co\/wp-content\/uploads\/2025\/06\/Mesa-de-trabajo-12-100-1.jpg\" alt=\"\" class=\"wp-image-4250\" srcset=\"https:\/\/comunicacionsocial.ufpso.edu.co\/wp-content\/uploads\/2025\/06\/Mesa-de-trabajo-12-100-1.jpg 426w, https:\/\/comunicacionsocial.ufpso.edu.co\/wp-content\/uploads\/2025\/06\/Mesa-de-trabajo-12-100-1-300x201.jpg 300w\" sizes=\"auto, (max-width: 426px) 100vw, 426px\" \/><\/figure>\n<\/figure>\n","protected":false},"excerpt":{"rendered":"<p>El programa de Comunicaci\u00f3n Social, alineado con la cultura de autoevaluaci\u00f3n de la Universidad Francisco de Paula Santander (UFPS), se compromete con su misi\u00f3n y el Plan de Desarrollo Institucional 2020-2030, cuyo objetivo es lograr una universidad acreditada de alta calidad, moderna y socialmente responsable. Como parte de este compromiso, el programa realiza el ejercicio&hellip;&nbsp;<a href=\"https:\/\/comunicacionsocial.ufpso.edu.co\/?page_id=3960\" class=\"\" rel=\"bookmark\">Read More &raquo;<span class=\"screen-reader-text\">Autoevaluaci\u00f3n<\/span><\/a><\/p>\n","protected":false},"author":1,"featured_media":0,"parent":0,"menu_order":0,"comment_status":"closed","ping_status":"closed","template":"","meta":{"neve_meta_sidebar":"full-width","neve_meta_container":"","neve_meta_enable_content_width":"on","neve_meta_content_width":100,"neve_meta_title_alignment":"","neve_meta_author_avatar":"","neve_post_elements_order":"","neve_meta_disable_header":"","neve_meta_disable_footer":"","neve_meta_disable_title":"","footnotes":""},"class_list":["post-3960","page","type-page","status-publish","hentry"],"_links":{"self":[{"href":"https:\/\/comunicacionsocial.ufpso.edu.co\/index.php?rest_route=\/wp\/v2\/pages\/3960","targetHints":{"allow":["GET"]}}],"collection":[{"href":"https:\/\/comunicacionsocial.ufpso.edu.co\/index.php?rest_route=\/wp\/v2\/pages"}],"about":[{"href":"https:\/\/comunicacionsocial.ufpso.edu.co\/index.php?rest_route=\/wp\/v2\/types\/page"}],"author":[{"embeddable":true,"href":"https:\/\/comunicacionsocial.ufpso.edu.co\/index.php?rest_route=\/wp\/v2\/users\/1"}],"replies":[{"embeddable":true,"href":"https:\/\/comunicacionsocial.ufpso.edu.co\/index.php?rest_route=%2Fwp%2Fv2%2Fcomments&post=3960"}],"version-history":[{"count":5,"href":"https:\/\/comunicacionsocial.ufpso.edu.co\/index.php?rest_route=\/wp\/v2\/pages\/3960\/revisions"}],"predecessor-version":[{"id":4270,"href":"https:\/\/comunicacionsocial.ufpso.edu.co\/index.php?rest_route=\/wp\/v2\/pages\/3960\/revisions\/4270"}],"wp:attachment":[{"href":"https:\/\/comunicacionsocial.ufpso.edu.co\/index.php?rest_route=%2Fwp%2Fv2%2Fmedia&parent=3960"}],"curies":[{"name":"wp","href":"https:\/\/api.w.org\/{rel}","templated":true}]}}