{"id":3967,"date":"2025-06-11T20:51:55","date_gmt":"2025-06-11T20:51:55","guid":{"rendered":"https:\/\/comunicacionsocial.ufpso.edu.co\/?page_id=3967"},"modified":"2025-06-16T16:48:38","modified_gmt":"2025-06-16T16:48:38","slug":"grupo-communis","status":"publish","type":"page","link":"https:\/\/comunicacionsocial.ufpso.edu.co\/?page_id=3967","title":{"rendered":"Grupo Communis"},"content":{"rendered":"\n<p>El grupo <em>Communis<\/em>, del programa de Comunicaci\u00f3n Social de la Facultad de Educaci\u00f3n, Artes y Humanidades, surge en Mayo de 2018 como respuesta a la necesidad de consolidar la investigaci\u00f3n en las diferentes \u00e1reas de la comunicaci\u00f3n como: sociedad, desarrollo, medios, tecnolog\u00eda y las organizaciones; con el prop\u00f3sito de generar nuevos conocimientos que contribuyan en la b\u00fasqueda de alternativas de crecimiento y soluci\u00f3n a las problem\u00e1ticas del contexto local, regional y nacional.&nbsp;<\/p>\n\n\n\n<figure class=\"wp-block-image size-large\"><img loading=\"lazy\" decoding=\"async\" width=\"1024\" height=\"576\" src=\"https:\/\/comunicacionsocial.ufpso.edu.co\/wp-content\/uploads\/2025\/06\/LOGO-COMMUNIS-2-1024x576.png\" alt=\"\" class=\"wp-image-4186\" srcset=\"https:\/\/comunicacionsocial.ufpso.edu.co\/wp-content\/uploads\/2025\/06\/LOGO-COMMUNIS-2-1024x576.png 1024w, https:\/\/comunicacionsocial.ufpso.edu.co\/wp-content\/uploads\/2025\/06\/LOGO-COMMUNIS-2-300x169.png 300w, https:\/\/comunicacionsocial.ufpso.edu.co\/wp-content\/uploads\/2025\/06\/LOGO-COMMUNIS-2-768x432.png 768w, https:\/\/comunicacionsocial.ufpso.edu.co\/wp-content\/uploads\/2025\/06\/LOGO-COMMUNIS-2-1536x864.png 1536w, https:\/\/comunicacionsocial.ufpso.edu.co\/wp-content\/uploads\/2025\/06\/LOGO-COMMUNIS-2-2048x1152.png 2048w\" sizes=\"auto, (max-width: 1024px) 100vw, 1024px\" \/><\/figure>\n\n\n\n<p>El grupo est\u00e1 conformado por l\u00edneas de investigaci\u00f3n: Comunicaci\u00f3n para el desarrollo y cambio social, Comunicaci\u00f3n digital y nuevas tecnolog\u00edas, Estudios de producci\u00f3n recepci\u00f3n y consumo de medios y Comunicaci\u00f3n en las organizaciones, cada una estar\u00e1 apoyada por docentes investigadores y coordinadores, j\u00f3venes investigadores y semilleros internos y externos que adelantan investigaciones conforme a las subl\u00edneas definidas.<\/p>\n\n\n\n<figure class=\"wp-block-gallery has-nested-images columns-default is-cropped wp-block-gallery-1 is-layout-flex wp-block-gallery-is-layout-flex\"><\/figure>\n\n\n\n<div class=\"wp-block-columns is-layout-flex wp-container-core-columns-is-layout-9d6595d7 wp-block-columns-is-layout-flex\">\n<div class=\"wp-block-column is-layout-flow wp-block-column-is-layout-flow\">\n<blockquote class=\"wp-block-quote is-layout-flow wp-block-quote-is-layout-flow\">\n<p class=\"has-nv-site-bg-color has-neve-link-hover-color-background-color has-text-color has-background has-link-color has-large-font-size wp-elements-42af55beb56a41f9c035c7f2486eaa4e\"><strong>Misi\u00f3n<\/strong><\/p>\n<\/blockquote>\n\n\n\n<p class=\"has-text-align-left\">El grupo <em>Communis<\/em>, del programa de Comunicaci\u00f3n Social busca fomentar el conocimiento cient\u00edfico de los docentes y estudiantes que lo integran, permitiendo el desarrollo de sus competencias y la generaci\u00f3n de nuevos conocimientos en las diferentes \u00e1reas de la comunicaci\u00f3n, que den respuesta o soluci\u00f3n a las problem\u00e1ticas locales, regionales, nacionales e internacionales.<\/p>\n<\/div>\n\n\n\n<div class=\"wp-block-column is-layout-flow wp-block-column-is-layout-flow\">\n<blockquote class=\"wp-block-quote is-layout-flow wp-block-quote-is-layout-flow\">\n<p class=\"has-text-align-right has-nv-site-bg-color has-neve-link-hover-color-background-color has-text-color has-background has-link-color has-large-font-size wp-elements-e00123e5ac3217ab6cf06b762c3cd9fa\"><strong>Visi\u00f3n<\/strong><\/p>\n<\/blockquote>\n\n\n\n<p class=\"has-text-align-right\">En el a\u00f1o 2022, <em>Communis<\/em> ser\u00e1 un grupo categorizado en \u2018A\u2019 por Colciencias y&nbsp; reconocido como un grupo l\u00edder en la regi\u00f3n, que aporta su conocimiento cient\u00edfico y acad\u00e9mico para el desarrollo y cambio social.<\/p>\n<\/div>\n<\/div>\n\n\n\n<p><\/p>\n","protected":false},"excerpt":{"rendered":"<p>El grupo Communis, del programa de Comunicaci\u00f3n Social de la Facultad de Educaci\u00f3n, Artes y Humanidades, surge en Mayo de 2018 como respuesta a la necesidad de consolidar la investigaci\u00f3n en las diferentes \u00e1reas de la comunicaci\u00f3n como: sociedad, desarrollo, medios, tecnolog\u00eda y las organizaciones; con el prop\u00f3sito de generar nuevos conocimientos que contribuyan en&hellip;&nbsp;<a href=\"https:\/\/comunicacionsocial.ufpso.edu.co\/?page_id=3967\" class=\"\" rel=\"bookmark\">Read More &raquo;<span class=\"screen-reader-text\">Grupo Communis<\/span><\/a><\/p>\n","protected":false},"author":1,"featured_media":0,"parent":0,"menu_order":0,"comment_status":"closed","ping_status":"closed","template":"","meta":{"neve_meta_sidebar":"full-width","neve_meta_container":"","neve_meta_enable_content_width":"on","neve_meta_content_width":100,"neve_meta_title_alignment":"","neve_meta_author_avatar":"","neve_post_elements_order":"","neve_meta_disable_header":"","neve_meta_disable_footer":"","neve_meta_disable_title":"","footnotes":""},"class_list":["post-3967","page","type-page","status-publish","hentry"],"_links":{"self":[{"href":"https:\/\/comunicacionsocial.ufpso.edu.co\/index.php?rest_route=\/wp\/v2\/pages\/3967","targetHints":{"allow":["GET"]}}],"collection":[{"href":"https:\/\/comunicacionsocial.ufpso.edu.co\/index.php?rest_route=\/wp\/v2\/pages"}],"about":[{"href":"https:\/\/comunicacionsocial.ufpso.edu.co\/index.php?rest_route=\/wp\/v2\/types\/page"}],"author":[{"embeddable":true,"href":"https:\/\/comunicacionsocial.ufpso.edu.co\/index.php?rest_route=\/wp\/v2\/users\/1"}],"replies":[{"embeddable":true,"href":"https:\/\/comunicacionsocial.ufpso.edu.co\/index.php?rest_route=%2Fwp%2Fv2%2Fcomments&post=3967"}],"version-history":[{"count":4,"href":"https:\/\/comunicacionsocial.ufpso.edu.co\/index.php?rest_route=\/wp\/v2\/pages\/3967\/revisions"}],"predecessor-version":[{"id":4187,"href":"https:\/\/comunicacionsocial.ufpso.edu.co\/index.php?rest_route=\/wp\/v2\/pages\/3967\/revisions\/4187"}],"wp:attachment":[{"href":"https:\/\/comunicacionsocial.ufpso.edu.co\/index.php?rest_route=%2Fwp%2Fv2%2Fmedia&parent=3967"}],"curies":[{"name":"wp","href":"https:\/\/api.w.org\/{rel}","templated":true}]}}