{"id":3973,"date":"2025-06-11T20:52:44","date_gmt":"2025-06-11T20:52:44","guid":{"rendered":"https:\/\/comunicacionsocial.ufpso.edu.co\/?page_id=3973"},"modified":"2025-06-18T21:32:50","modified_gmt":"2025-06-18T21:32:50","slug":"investigadores","status":"publish","type":"page","link":"https:\/\/comunicacionsocial.ufpso.edu.co\/?page_id=3973","title":{"rendered":"Investigadores"},"content":{"rendered":"\n<h2 class=\"wp-block-heading\"><strong>H\u00e9verd Augusto P\u00e1ez Quintana\u00a0<\/strong>(categor\u00eda Junior Minciencias)<\/h2>\n\n\n\n<p>Comunicador Social-Periodista con estudios de maestr\u00eda en Tecnolog\u00eda y Medios Innovadores y especialista en pr\u00e1ctica docente universitaria. Director e investigador del grupo Communis con experiencia en proyectos de medici\u00f3n y an\u00e1lisis de medios, pedagog\u00eda y desarrollo.<\/p>\n\n\n\n<figure class=\"wp-block-image size-large is-resized\"><img loading=\"lazy\" decoding=\"async\" width=\"1024\" height=\"873\" src=\"https:\/\/comunicacionsocial.ufpso.edu.co\/wp-content\/uploads\/2025\/06\/heverd-pequeno-1024x873.png\" alt=\"\" class=\"wp-image-4304\" style=\"width:1170px;height:auto\" srcset=\"https:\/\/comunicacionsocial.ufpso.edu.co\/wp-content\/uploads\/2025\/06\/heverd-pequeno-1024x873.png 1024w, https:\/\/comunicacionsocial.ufpso.edu.co\/wp-content\/uploads\/2025\/06\/heverd-pequeno-300x256.png 300w, https:\/\/comunicacionsocial.ufpso.edu.co\/wp-content\/uploads\/2025\/06\/heverd-pequeno-768x655.png 768w, https:\/\/comunicacionsocial.ufpso.edu.co\/wp-content\/uploads\/2025\/06\/heverd-pequeno.png 1093w\" sizes=\"auto, (max-width: 1024px) 100vw, 1024px\" \/><\/figure>\n\n\n\n<h2 class=\"wp-block-heading\"><strong>Elvis Fernando R\u00edos Pacheco<\/strong><\/h2>\n\n\n\n<p>Mag\u00edster en Direcci\u00f3n del Desarrollo Local, Comunicador Social con \u00e9nfasis en Agenda P\u00fablica y Democracia, capaz de manejar las nuevas tecnolog\u00edas de la informaci\u00f3n y los retos sociales\u00a0 que presenta la sociedad actual desarrollando competencias para hacer frente a los retos complejos y cambiantes del desarrollo sostenible. Experiencia profesional en comunicaci\u00f3n organizacional, trabajo comunitario y desarrollo social. Investigador reconocido por la UFPSO con realizaci\u00f3n de proyectos y ponencias nacionales e internacionales.<\/p>\n\n\n\n<figure class=\"wp-block-image size-large is-resized\"><img loading=\"lazy\" decoding=\"async\" width=\"1024\" height=\"904\" src=\"https:\/\/comunicacionsocial.ufpso.edu.co\/wp-content\/uploads\/2025\/06\/elvis-pequeno-1024x904.png\" alt=\"\" class=\"wp-image-4305\" style=\"width:1170px;height:auto\" srcset=\"https:\/\/comunicacionsocial.ufpso.edu.co\/wp-content\/uploads\/2025\/06\/elvis-pequeno-1024x904.png 1024w, https:\/\/comunicacionsocial.ufpso.edu.co\/wp-content\/uploads\/2025\/06\/elvis-pequeno-300x265.png 300w, https:\/\/comunicacionsocial.ufpso.edu.co\/wp-content\/uploads\/2025\/06\/elvis-pequeno-768x678.png 768w, https:\/\/comunicacionsocial.ufpso.edu.co\/wp-content\/uploads\/2025\/06\/elvis-pequeno.png 1041w\" sizes=\"auto, (max-width: 1024px) 100vw, 1024px\" \/><\/figure>\n\n\n\n<h2 class=\"wp-block-heading\"><strong><strong>Gladis Tatiana Navarro<\/strong><\/strong><\/h2>\n\n\n\n<p>Psic\u00f3loga, especialista en Psicolog\u00eda Cl\u00ednica y Desarrollo Infantil, mag\u00edster en psicolog\u00eda, doctora en Psicogerontolog\u00eda, con experiencia y conocimiento en procesos de evaluaci\u00f3n, intervenci\u00f3n y rehabilitaci\u00f3n en salud mental y psicosocial de trastornos afectivos, emocionales y del neurodesarrollo; tambi\u00e9n en la atenci\u00f3n, entrenamiento y\u00a0 en la implementaci\u00f3n de programas en salud mental para personas en cualquier momento del ciclo vital. Con experiencia en docencia universitaria en las diferentes \u00e1reas de las ciencias sociales y humanas.<\/p>\n\n\n\n<figure class=\"wp-block-image size-full is-resized\"><img loading=\"lazy\" decoding=\"async\" width=\"981\" height=\"923\" src=\"https:\/\/comunicacionsocial.ufpso.edu.co\/wp-content\/uploads\/2025\/06\/tatiana-pequeno.png\" alt=\"\" class=\"wp-image-4307\" style=\"width:1170px;height:auto\" srcset=\"https:\/\/comunicacionsocial.ufpso.edu.co\/wp-content\/uploads\/2025\/06\/tatiana-pequeno.png 981w, https:\/\/comunicacionsocial.ufpso.edu.co\/wp-content\/uploads\/2025\/06\/tatiana-pequeno-300x282.png 300w, https:\/\/comunicacionsocial.ufpso.edu.co\/wp-content\/uploads\/2025\/06\/tatiana-pequeno-768x723.png 768w\" sizes=\"auto, (max-width: 981px) 100vw, 981px\" \/><\/figure>\n\n\n\n<h2 class=\"wp-block-heading\"><strong><strong><strong>Nelson Fernando Gaona D\u00eda\u00a0<\/strong>(categor\u00eda Junior Minciencias)<\/strong><\/strong><\/h2>\n\n\n\n<p>Abogado Maestrante gobierno de TI, Epec gesti\u00f3n de proyectos, 10 a\u00f1os catedr\u00e1tico, 5 a\u00f1os director del Grupo de Investigaci\u00f3n Socio Jur\u00eddico GISOJU &#8211; en este tiempo se categoriz\u00f3 en D y luego en C, coordinador de investigaci\u00f3n del programa de derecho 2014-2018, coordinador de extensi\u00f3n universitaria 2018-2020, coordinador de transferencia tecnol\u00f3gica y propiedad intelectual 2018 &#8211; actualidad, consultor GIZ, consultor save the children, consultor fundaci\u00f3n para la reconciliaci\u00f3n.<\/p>\n\n\n\n<figure class=\"wp-block-image size-full is-resized\"><img loading=\"lazy\" decoding=\"async\" width=\"1024\" height=\"910\" src=\"https:\/\/comunicacionsocial.ufpso.edu.co\/wp-content\/uploads\/2025\/06\/gaona-pequeno.png\" alt=\"\" class=\"wp-image-4308\" style=\"width:1170px;height:auto\" srcset=\"https:\/\/comunicacionsocial.ufpso.edu.co\/wp-content\/uploads\/2025\/06\/gaona-pequeno.png 1024w, https:\/\/comunicacionsocial.ufpso.edu.co\/wp-content\/uploads\/2025\/06\/gaona-pequeno-300x267.png 300w, https:\/\/comunicacionsocial.ufpso.edu.co\/wp-content\/uploads\/2025\/06\/gaona-pequeno-768x683.png 768w\" sizes=\"auto, (max-width: 1024px) 100vw, 1024px\" \/><\/figure>\n\n\n\n<h2 class=\"wp-block-heading\"><strong><strong><strong><strong>Ana Paola Balmaceda Mora<\/strong><\/strong><\/strong><\/strong><\/h2>\n\n\n\n<p>Comunicadora Social, Mag\u00edster en Educaci\u00f3n de la Universidad de Pamplona, especialista en Comunicaci\u00f3n Organizacional de la Universidad Francisco de Paula Santander Oca\u00f1a y maestrante en Direcci\u00f3n de Protocolo y Producci\u00f3n de Eventos de la Universidad Internacional de la Rioja, con 18 a\u00f1os de experiencia profesional en las \u00e1reas de la comunicaci\u00f3n como la radio, prensa, televisi\u00f3n, medios digitales y en procesos de construcci\u00f3n social y empresarial. Actualmente me desempe\u00f1o como docente ocasional e investigadora de la Universidad Francisco de Paula Santander Oca\u00f1a.<\/p>\n\n\n\n<figure class=\"wp-block-image size-large is-resized\"><img loading=\"lazy\" decoding=\"async\" width=\"1024\" height=\"835\" src=\"https:\/\/comunicacionsocial.ufpso.edu.co\/wp-content\/uploads\/2025\/06\/Paola-pequeno-1024x835.png\" alt=\"\" class=\"wp-image-4309\" style=\"width:1170px;height:auto\" srcset=\"https:\/\/comunicacionsocial.ufpso.edu.co\/wp-content\/uploads\/2025\/06\/Paola-pequeno-1024x835.png 1024w, https:\/\/comunicacionsocial.ufpso.edu.co\/wp-content\/uploads\/2025\/06\/Paola-pequeno-300x245.png 300w, https:\/\/comunicacionsocial.ufpso.edu.co\/wp-content\/uploads\/2025\/06\/Paola-pequeno-768x626.png 768w, https:\/\/comunicacionsocial.ufpso.edu.co\/wp-content\/uploads\/2025\/06\/Paola-pequeno.png 1138w\" sizes=\"auto, (max-width: 1024px) 100vw, 1024px\" \/><\/figure>\n\n\n\n<h2 class=\"wp-block-heading\"><strong><strong><strong><strong><strong>Liceth Liliana Ar\u00e9valo P\u00e9rez\u00a0<\/strong><\/strong><\/strong><\/strong><\/strong><\/h2>\n\n\n\n<p>Comunicadora social, especialista en Inform\u00e1tica Educativa de la Universidad Francisco de Paula Santander, Oca\u00f1a; con estudios de maestr\u00eda en Comunicaci\u00f3n en la universidad Internacional Iberoamericana\u00a0 de M\u00e9xico. Actualmente se desempe\u00f1a como docente de tiempo completo en ocasionalidad en el programa de Comunicaci\u00f3n Social de la UFPSO y como investigadora del grupo de investigaci\u00f3n Communis.<\/p>\n\n\n\n<figure class=\"wp-block-image size-large is-resized\"><img loading=\"lazy\" decoding=\"async\" width=\"1024\" height=\"866\" src=\"https:\/\/comunicacionsocial.ufpso.edu.co\/wp-content\/uploads\/2025\/06\/Liceth-pequeno-1024x866.png\" alt=\"\" class=\"wp-image-4310\" style=\"width:1170px;height:auto\" srcset=\"https:\/\/comunicacionsocial.ufpso.edu.co\/wp-content\/uploads\/2025\/06\/Liceth-pequeno-1024x866.png 1024w, https:\/\/comunicacionsocial.ufpso.edu.co\/wp-content\/uploads\/2025\/06\/Liceth-pequeno-300x254.png 300w, https:\/\/comunicacionsocial.ufpso.edu.co\/wp-content\/uploads\/2025\/06\/Liceth-pequeno-768x649.png 768w, https:\/\/comunicacionsocial.ufpso.edu.co\/wp-content\/uploads\/2025\/06\/Liceth-pequeno.png 1061w\" sizes=\"auto, (max-width: 1024px) 100vw, 1024px\" \/><\/figure>\n\n\n\n<h2 class=\"wp-block-heading\"><strong><strong><strong><strong><strong><strong>Luis M\u00e1ver Navarro Est\u00e9vez<\/strong><\/strong><\/strong><\/strong><\/strong><\/strong><\/h2>\n\n\n\n<p>Mag\u00edster en Direcci\u00f3n del Desarrollo Local de la Universidad Francisco de Paula Santander, Comunicador Social, m\u00e1ster en Direcci\u00f3n del Desarrollo Local del Instituto Superior de Educaci\u00f3n, Administraci\u00f3n y Desarrollo (ISEAD) en Espa\u00f1a; con habilidades para las estrategias de comunicaci\u00f3n, auditor\u00edas de la comunicaci\u00f3n y metodolog\u00eda de la investigaci\u00f3n. Experiencia profesional en docencia e investigaci\u00f3n universitaria reconocido por la UFPS Oca\u00f1a.<\/p>\n\n\n\n<figure class=\"wp-block-image size-full is-resized\"><img loading=\"lazy\" decoding=\"async\" width=\"1024\" height=\"911\" src=\"https:\/\/comunicacionsocial.ufpso.edu.co\/wp-content\/uploads\/2025\/06\/Maver-pequeno.png\" alt=\"\" class=\"wp-image-4311\" style=\"width:1170px;height:auto\" srcset=\"https:\/\/comunicacionsocial.ufpso.edu.co\/wp-content\/uploads\/2025\/06\/Maver-pequeno.png 1024w, https:\/\/comunicacionsocial.ufpso.edu.co\/wp-content\/uploads\/2025\/06\/Maver-pequeno-300x267.png 300w, https:\/\/comunicacionsocial.ufpso.edu.co\/wp-content\/uploads\/2025\/06\/Maver-pequeno-768x683.png 768w\" sizes=\"auto, (max-width: 1024px) 100vw, 1024px\" \/><\/figure>\n\n\n\n<h2 class=\"wp-block-heading\"><strong><strong><strong><strong><strong><strong><strong>Jairo Fernando Barbosa Trigos<\/strong><\/strong><\/strong><\/strong><\/strong><\/strong><\/strong><\/h2>\n\n\n\n<p>Docente investigador, egresado como Comunicador Social de la Universidad Francisco de Paula Santander Oca\u00f1a y Mag\u00edster en Comunicaci\u00f3n Digital de la Universidad Pontificia Bolivariana de Medell\u00edn; adem\u00e1s integran los cursos de actualizaci\u00f3n en temas de formaci\u00f3n pol\u00edtica de j\u00f3venes, innovaci\u00f3n, emprendimiento y televidencia cr\u00edtica. Actualmente su ejercicio docente es alternado con su rol administrativo en la Direcci\u00f3n del programa Acad\u00e9mico de Comunicaci\u00f3n Social de la UFPS Oca\u00f1a, siendo part\u00edcipe igualmente como corrector de estilo de la revista Vos Universitario de la misma instituci\u00f3n y colaborador del proyecto de innovaci\u00f3n social, Coladepez, de Espa\u00f1a.<\/p>\n\n\n\n<figure class=\"wp-block-image size-large is-resized\"><img loading=\"lazy\" decoding=\"async\" width=\"1024\" height=\"825\" src=\"https:\/\/comunicacionsocial.ufpso.edu.co\/wp-content\/uploads\/2025\/06\/Jairo-pequeno-1024x825.png\" alt=\"\" class=\"wp-image-4312\" style=\"width:1170px;height:auto\" srcset=\"https:\/\/comunicacionsocial.ufpso.edu.co\/wp-content\/uploads\/2025\/06\/Jairo-pequeno-1024x825.png 1024w, https:\/\/comunicacionsocial.ufpso.edu.co\/wp-content\/uploads\/2025\/06\/Jairo-pequeno-300x242.png 300w, https:\/\/comunicacionsocial.ufpso.edu.co\/wp-content\/uploads\/2025\/06\/Jairo-pequeno-768x619.png 768w, https:\/\/comunicacionsocial.ufpso.edu.co\/wp-content\/uploads\/2025\/06\/Jairo-pequeno.png 1131w\" sizes=\"auto, (max-width: 1024px) 100vw, 1024px\" \/><\/figure>\n\n\n\n<h2 class=\"wp-block-heading\"><strong><strong><strong><strong><strong><strong><strong><strong>Mery Celina Torres J\u00e1come\u00a0<\/strong><\/strong><\/strong><\/strong><\/strong><\/strong><\/strong><\/strong><\/h2>\n\n\n\n<p>Profesional en Mercadeo con \u00e9nfasis en negocios internacionales, especialista en marketing digital de la Universidad Manuela Beltr\u00e1n; maestrante en Direcci\u00f3n Estrat\u00e9gica de Marketing de la Universidad UNIR de Espa\u00f1a. Actualmente se desempe\u00f1a como docente de tiempo completo en ocasionalidad en el programa de Comunicaci\u00f3n Social de la UFPSO y como investigadora del grupo de investigaci\u00f3n Communis.<\/p>\n\n\n\n<figure class=\"wp-block-image size-full is-resized\"><img loading=\"lazy\" decoding=\"async\" width=\"992\" height=\"914\" src=\"https:\/\/comunicacionsocial.ufpso.edu.co\/wp-content\/uploads\/2025\/06\/Mery.png\" alt=\"\" class=\"wp-image-4315\" style=\"width:1170px;height:auto\" srcset=\"https:\/\/comunicacionsocial.ufpso.edu.co\/wp-content\/uploads\/2025\/06\/Mery.png 992w, https:\/\/comunicacionsocial.ufpso.edu.co\/wp-content\/uploads\/2025\/06\/Mery-300x276.png 300w, https:\/\/comunicacionsocial.ufpso.edu.co\/wp-content\/uploads\/2025\/06\/Mery-768x708.png 768w\" sizes=\"auto, (max-width: 992px) 100vw, 992px\" \/><\/figure>\n","protected":false},"excerpt":{"rendered":"<p>H\u00e9verd Augusto P\u00e1ez Quintana\u00a0(categor\u00eda Junior Minciencias) Comunicador Social-Periodista con estudios de maestr\u00eda en Tecnolog\u00eda y Medios Innovadores y especialista en pr\u00e1ctica docente universitaria. Director e investigador del grupo Communis con experiencia en proyectos de medici\u00f3n y an\u00e1lisis de medios, pedagog\u00eda y desarrollo. Elvis Fernando R\u00edos Pacheco Mag\u00edster en Direcci\u00f3n del Desarrollo Local, Comunicador Social con&hellip;&nbsp;<a href=\"https:\/\/comunicacionsocial.ufpso.edu.co\/?page_id=3973\" class=\"\" rel=\"bookmark\">Read More &raquo;<span class=\"screen-reader-text\">Investigadores<\/span><\/a><\/p>\n","protected":false},"author":1,"featured_media":0,"parent":0,"menu_order":0,"comment_status":"closed","ping_status":"closed","template":"","meta":{"neve_meta_sidebar":"full-width","neve_meta_container":"","neve_meta_enable_content_width":"on","neve_meta_content_width":100,"neve_meta_title_alignment":"","neve_meta_author_avatar":"","neve_post_elements_order":"","neve_meta_disable_header":"","neve_meta_disable_footer":"","neve_meta_disable_title":"","footnotes":""},"class_list":["post-3973","page","type-page","status-publish","hentry"],"_links":{"self":[{"href":"https:\/\/comunicacionsocial.ufpso.edu.co\/index.php?rest_route=\/wp\/v2\/pages\/3973","targetHints":{"allow":["GET"]}}],"collection":[{"href":"https:\/\/comunicacionsocial.ufpso.edu.co\/index.php?rest_route=\/wp\/v2\/pages"}],"about":[{"href":"https:\/\/comunicacionsocial.ufpso.edu.co\/index.php?rest_route=\/wp\/v2\/types\/page"}],"author":[{"embeddable":true,"href":"https:\/\/comunicacionsocial.ufpso.edu.co\/index.php?rest_route=\/wp\/v2\/users\/1"}],"replies":[{"embeddable":true,"href":"https:\/\/comunicacionsocial.ufpso.edu.co\/index.php?rest_route=%2Fwp%2Fv2%2Fcomments&post=3973"}],"version-history":[{"count":3,"href":"https:\/\/comunicacionsocial.ufpso.edu.co\/index.php?rest_route=\/wp\/v2\/pages\/3973\/revisions"}],"predecessor-version":[{"id":4316,"href":"https:\/\/comunicacionsocial.ufpso.edu.co\/index.php?rest_route=\/wp\/v2\/pages\/3973\/revisions\/4316"}],"wp:attachment":[{"href":"https:\/\/comunicacionsocial.ufpso.edu.co\/index.php?rest_route=%2Fwp%2Fv2%2Fmedia&parent=3973"}],"curies":[{"name":"wp","href":"https:\/\/api.w.org\/{rel}","templated":true}]}}