{"id":3987,"date":"2025-06-11T21:01:42","date_gmt":"2025-06-11T21:01:42","guid":{"rendered":"https:\/\/comunicacionsocial.ufpso.edu.co\/?page_id=3987"},"modified":"2025-06-17T21:36:41","modified_gmt":"2025-06-17T21:36:41","slug":"estrategia-didactica-voces-colectivas","status":"publish","type":"page","link":"https:\/\/comunicacionsocial.ufpso.edu.co\/?page_id=3987","title":{"rendered":"Estrategia Did\u00e1ctica Voces Colectivas"},"content":{"rendered":"\n<figure class=\"wp-block-image size-large is-resized\"><img loading=\"lazy\" decoding=\"async\" width=\"1024\" height=\"326\" src=\"https:\/\/comunicacionsocial.ufpso.edu.co\/wp-content\/uploads\/2025\/06\/LOGO-FUNDACION-CURVAS-01-1024x326.png\" alt=\"\" class=\"wp-image-4253\" style=\"width:1170px;height:auto\" srcset=\"https:\/\/comunicacionsocial.ufpso.edu.co\/wp-content\/uploads\/2025\/06\/LOGO-FUNDACION-CURVAS-01-1024x326.png 1024w, https:\/\/comunicacionsocial.ufpso.edu.co\/wp-content\/uploads\/2025\/06\/LOGO-FUNDACION-CURVAS-01-300x96.png 300w, https:\/\/comunicacionsocial.ufpso.edu.co\/wp-content\/uploads\/2025\/06\/LOGO-FUNDACION-CURVAS-01-768x245.png 768w, https:\/\/comunicacionsocial.ufpso.edu.co\/wp-content\/uploads\/2025\/06\/LOGO-FUNDACION-CURVAS-01-1536x490.png 1536w, https:\/\/comunicacionsocial.ufpso.edu.co\/wp-content\/uploads\/2025\/06\/LOGO-FUNDACION-CURVAS-01.png 1907w\" sizes=\"auto, (max-width: 1024px) 100vw, 1024px\" \/><\/figure>\n\n\n\n<p>La <strong>Estrategia Did\u00e1ctica Voces Colectivas<\/strong> se desarroll\u00f3 en colaboraci\u00f3n con la <strong>Fundaci\u00f3n ACPO<\/strong>, reconocida por sus proyectos transformadores como <strong>Radio Sutatenza<\/strong> y <strong>Escuelas Digitales Campesinas (EDC)<\/strong>, los cuales han impactado positivamente en las comunidades rurales del pa\u00eds.<\/p>\n\n\n\n<p>A trav\u00e9s del proyecto <strong>Escuelas Digitales Campesinas (EDC)<\/strong>, los estudiantes de la asignatura <strong>Cooperaci\u00f3n Internacional<\/strong> recibieron capacitaciones de expertos en cooperaci\u00f3n, lo que les permiti\u00f3 comprender c\u00f3mo las TIC pueden fortalecer a las comunidades rurales. Adem\u00e1s, los estudiantes trabajaron directamente con la <strong>Asociaci\u00f3n de Mujeres Campesinas de \u00c1brego (ASOMCA)<\/strong>, ayud\u00e1ndolas a fortalecer sus <strong>herramientas digitales<\/strong> para visibilizar sus problem\u00e1ticas y buscar soluciones a sus desaf\u00edos.<\/p>\n\n\n\n<p>Este proyecto no solo brind\u00f3 apoyo tecnol\u00f3gico a las mujeres de ASOMCA, sino que tambi\u00e9n permiti\u00f3 que los estudiantes vivieran una experiencia formativa \u00fanica, aplicando conocimientos de cooperaci\u00f3n internacional en un contexto real. Voces Colectivas es un ejemplo de c\u00f3mo la educaci\u00f3n y la tecnolog\u00eda pueden empoderar a las comunidades rurales y fortalecer la cooperaci\u00f3n internacional desde un enfoque pr\u00e1ctico y transformador.<\/p>\n\n\n\n<div class=\"wp-block-cover alignfull is-light wp-duotone-094850-f9644e-2\" style=\"margin-top:0;padding-top:48px;padding-right:48px;padding-bottom:48px;padding-left:48px;min-height:454px;aspect-ratio:unset;\"><img loading=\"lazy\" decoding=\"async\" width=\"1024\" height=\"426\" class=\"wp-block-cover__image-background wp-image-4258 size-large\" alt=\"\" src=\"https:\/\/comunicacionsocial.ufpso.edu.co\/wp-content\/uploads\/2025\/06\/voces-portada-1024x426.jpg\" data-object-fit=\"cover\" srcset=\"https:\/\/comunicacionsocial.ufpso.edu.co\/wp-content\/uploads\/2025\/06\/voces-portada-1024x426.jpg 1024w, https:\/\/comunicacionsocial.ufpso.edu.co\/wp-content\/uploads\/2025\/06\/voces-portada-300x125.jpg 300w, https:\/\/comunicacionsocial.ufpso.edu.co\/wp-content\/uploads\/2025\/06\/voces-portada-768x320.jpg 768w, https:\/\/comunicacionsocial.ufpso.edu.co\/wp-content\/uploads\/2025\/06\/voces-portada-1536x639.jpg 1536w, https:\/\/comunicacionsocial.ufpso.edu.co\/wp-content\/uploads\/2025\/06\/voces-portada-2048x852.jpg 2048w\" sizes=\"auto, (max-width: 1024px) 100vw, 1024px\" \/><span aria-hidden=\"true\" class=\"wp-block-cover__background has-background-dim-30 has-background-dim\" style=\"background-color:#95816f\"><\/span><div class=\"wp-block-cover__inner-container is-layout-flow wp-block-cover-is-layout-flow\">\n<div class=\"wp-block-group is-content-justification-left\"><div class=\"wp-block-group__inner-container is-layout-constrained wp-container-core-group-is-layout-7206f975 wp-block-group-is-layout-constrained\">\n<h2 class=\"wp-block-heading has-text-align-left has-white-color has-text-color\" style=\"font-size:100px;font-style:normal;font-weight:700;letter-spacing:0px;line-height:1;text-transform:uppercase\">M\u00e1s informaci\u00f3n<\/h2>\n<\/div><\/div>\n\n\n\n<div class=\"wp-block-buttons is-content-justification-left is-nowrap is-layout-flex wp-container-core-buttons-is-layout-6447b855 wp-block-buttons-is-layout-flex\">\n<div class=\"wp-block-button is-style-outline is-style-outline--1\"><a class=\"wp-block-button__link has-white-color has-text-color has-custom-font-size wp-element-button\" href=\"https:\/\/fundacionvocescolectivas.wordpress.com\/\" style=\"padding-top:24px;padding-right:48px;padding-bottom:24px;padding-left:48px;font-size:16px;font-style:normal;font-weight:600;letter-spacing:0px;text-transform:uppercase\">Explorar <\/a><\/div>\n<\/div>\n<\/div><\/div>\n\n\n\n<p><strong>Actividad de Formaci\u00f3n Digital con la Asociaci\u00f3n ASOMCA<\/strong><\/p>\n\n\n\n<p><strong>Ubicaci\u00f3n:<\/strong> Los colectivos se realizaron en la vereda <strong>&#8220;El Chorro&#8221;<\/strong>, en <strong>\u00c1brego, Norte de Santander<\/strong>.<\/p>\n\n\n\n<p><strong>Poblaci\u00f3n:<\/strong> Se trabaj\u00f3 con la <strong>Asociaci\u00f3n ASOMCA<\/strong>, compuesta por mujeres campesinas de la regi\u00f3n.<\/p>\n\n\n\n<p><strong>Alcance:<\/strong> Se atendi\u00f3 a <strong>16 mujeres campesinas<\/strong>, quienes participaron activamente en el proyecto, junto a sus hijos y esposos.<\/p>\n\n\n\n<p><strong>Sesiones:<\/strong> Se llevaron a cabo <strong>8 encuentros<\/strong> con la comunidad, con una asistencia promedio de <strong>10 a 16 mujeres<\/strong> por sesi\u00f3n, lo que incluy\u00f3 a sus familiares.<\/p>\n\n\n\n<p><strong>Objetivo:<\/strong> Este proyecto se aline\u00f3 con el <strong>proyecto EDC<\/strong> de la <strong>Fundaci\u00f3n ACPO<\/strong>, cuyo objetivo fue ense\u00f1ar herramientas digitales a las participantes, desde lo b\u00e1sico hasta la creaci\u00f3n de proyectos para generar recursos propios. Adem\u00e1s, se busc\u00f3 promocionar los productos elaborados por las mujeres de ASOMCA.<\/p>\n\n\n\n<p><strong>Temas tratados:<\/strong> Durante los <strong>8 encuentros<\/strong>, se abordaron temas clave para el desarrollo digital y la visibilidad de los productos:<\/p>\n\n\n\n<ul class=\"wp-block-list\">\n<li><strong>Hardware:<\/strong> Funciones b\u00e1sicas del equipo de c\u00f3mputo, teclado, mecanograf\u00eda y postura al escribir.<\/li>\n\n\n\n<li><strong>Software:<\/strong> Uso b\u00e1sico de herramientas ofim\u00e1ticas y la interfaz de Windows.<\/li>\n\n\n\n<li><strong>Web:<\/strong> Manejo de motores de b\u00fasqueda y herramientas ofim\u00e1ticas en l\u00ednea.<\/li>\n\n\n\n<li><strong>Contenido:<\/strong> Creaci\u00f3n de contenido para redes sociales con herramientas como <strong>Canva<\/strong> y <strong>Capcut<\/strong>.<\/li>\n\n\n\n<li><strong>Redes Sociales:<\/strong> Uso de las principales redes sociales, posicionamiento de marca y publicaciones estrat\u00e9gicas.<\/li>\n<\/ul>\n\n\n\n<p>Este proyecto no solo brind\u00f3 habilidades digitales a las mujeres de la comunidad, sino que tambi\u00e9n las empoder\u00f3 para generar visibilidad de sus productos y proyectos, fortaleciendo su autonom\u00eda y capacidad para emprender.<\/p>\n\n\n\n<ul class=\"wp-block-social-links aligncenter is-layout-flex wp-block-social-links-is-layout-flex\"><li class=\"wp-social-link wp-social-link-facebook  wp-block-social-link\"><a href=\"https:\/\/www.facebook.com\/admin.vocescolectivas\" class=\"wp-block-social-link-anchor\"><svg width=\"24\" height=\"24\" viewBox=\"0 0 24 24\" version=\"1.1\" xmlns=\"http:\/\/www.w3.org\/2000\/svg\" aria-hidden=\"true\" focusable=\"false\"><path d=\"M12 2C6.5 2 2 6.5 2 12c0 5 3.7 9.1 8.4 9.9v-7H7.9V12h2.5V9.8c0-2.5 1.5-3.9 3.8-3.9 1.1 0 2.2.2 2.2.2v2.5h-1.3c-1.2 0-1.6.8-1.6 1.6V12h2.8l-.4 2.9h-2.3v7C18.3 21.1 22 17 22 12c0-5.5-4.5-10-10-10z\"><\/path><\/svg><span class=\"wp-block-social-link-label screen-reader-text\">Facebook<\/span><\/a><\/li>\n\n<li class=\"wp-social-link wp-social-link-instagram  wp-block-social-link\"><a href=\"https:\/\/www.instagram.com\/vocescolectivas\/\" class=\"wp-block-social-link-anchor\"><svg width=\"24\" height=\"24\" viewBox=\"0 0 24 24\" version=\"1.1\" xmlns=\"http:\/\/www.w3.org\/2000\/svg\" aria-hidden=\"true\" focusable=\"false\"><path d=\"M12,4.622c2.403,0,2.688,0.009,3.637,0.052c0.877,0.04,1.354,0.187,1.671,0.31c0.42,0.163,0.72,0.358,1.035,0.673 c0.315,0.315,0.51,0.615,0.673,1.035c0.123,0.317,0.27,0.794,0.31,1.671c0.043,0.949,0.052,1.234,0.052,3.637 s-0.009,2.688-0.052,3.637c-0.04,0.877-0.187,1.354-0.31,1.671c-0.163,0.42-0.358,0.72-0.673,1.035 c-0.315,0.315-0.615,0.51-1.035,0.673c-0.317,0.123-0.794,0.27-1.671,0.31c-0.949,0.043-1.233,0.052-3.637,0.052 s-2.688-0.009-3.637-0.052c-0.877-0.04-1.354-0.187-1.671-0.31c-0.42-0.163-0.72-0.358-1.035-0.673 c-0.315-0.315-0.51-0.615-0.673-1.035c-0.123-0.317-0.27-0.794-0.31-1.671C4.631,14.688,4.622,14.403,4.622,12 s0.009-2.688,0.052-3.637c0.04-0.877,0.187-1.354,0.31-1.671c0.163-0.42,0.358-0.72,0.673-1.035 c0.315-0.315,0.615-0.51,1.035-0.673c0.317-0.123,0.794-0.27,1.671-0.31C9.312,4.631,9.597,4.622,12,4.622 M12,3 C9.556,3,9.249,3.01,8.289,3.054C7.331,3.098,6.677,3.25,6.105,3.472C5.513,3.702,5.011,4.01,4.511,4.511 c-0.5,0.5-0.808,1.002-1.038,1.594C3.25,6.677,3.098,7.331,3.054,8.289C3.01,9.249,3,9.556,3,12c0,2.444,0.01,2.751,0.054,3.711 c0.044,0.958,0.196,1.612,0.418,2.185c0.23,0.592,0.538,1.094,1.038,1.594c0.5,0.5,1.002,0.808,1.594,1.038 c0.572,0.222,1.227,0.375,2.185,0.418C9.249,20.99,9.556,21,12,21s2.751-0.01,3.711-0.054c0.958-0.044,1.612-0.196,2.185-0.418 c0.592-0.23,1.094-0.538,1.594-1.038c0.5-0.5,0.808-1.002,1.038-1.594c0.222-0.572,0.375-1.227,0.418-2.185 C20.99,14.751,21,14.444,21,12s-0.01-2.751-0.054-3.711c-0.044-0.958-0.196-1.612-0.418-2.185c-0.23-0.592-0.538-1.094-1.038-1.594 c-0.5-0.5-1.002-0.808-1.594-1.038c-0.572-0.222-1.227-0.375-2.185-0.418C14.751,3.01,14.444,3,12,3L12,3z M12,7.378 c-2.552,0-4.622,2.069-4.622,4.622S9.448,16.622,12,16.622s4.622-2.069,4.622-4.622S14.552,7.378,12,7.378z M12,15 c-1.657,0-3-1.343-3-3s1.343-3,3-3s3,1.343,3,3S13.657,15,12,15z M16.804,6.116c-0.596,0-1.08,0.484-1.08,1.08 s0.484,1.08,1.08,1.08c0.596,0,1.08-0.484,1.08-1.08S17.401,6.116,16.804,6.116z\"><\/path><\/svg><span class=\"wp-block-social-link-label screen-reader-text\">Instagram<\/span><\/a><\/li><\/ul>\n\n\n\n<p><\/p>\n","protected":false},"excerpt":{"rendered":"<p>La Estrategia Did\u00e1ctica Voces Colectivas se desarroll\u00f3 en colaboraci\u00f3n con la Fundaci\u00f3n ACPO, reconocida por sus proyectos transformadores como Radio Sutatenza y Escuelas Digitales Campesinas (EDC), los cuales han impactado positivamente en las comunidades rurales del pa\u00eds. A trav\u00e9s del proyecto Escuelas Digitales Campesinas (EDC), los estudiantes de la asignatura Cooperaci\u00f3n Internacional recibieron capacitaciones de&hellip;&nbsp;<a href=\"https:\/\/comunicacionsocial.ufpso.edu.co\/?page_id=3987\" class=\"\" rel=\"bookmark\">Read More &raquo;<span class=\"screen-reader-text\">Estrategia Did\u00e1ctica Voces Colectivas<\/span><\/a><\/p>\n","protected":false},"author":1,"featured_media":0,"parent":0,"menu_order":0,"comment_status":"closed","ping_status":"closed","template":"","meta":{"neve_meta_sidebar":"full-width","neve_meta_container":"","neve_meta_enable_content_width":"on","neve_meta_content_width":100,"neve_meta_title_alignment":"","neve_meta_author_avatar":"","neve_post_elements_order":"","neve_meta_disable_header":"","neve_meta_disable_footer":"","neve_meta_disable_title":"","footnotes":""},"class_list":["post-3987","page","type-page","status-publish","hentry"],"_links":{"self":[{"href":"https:\/\/comunicacionsocial.ufpso.edu.co\/index.php?rest_route=\/wp\/v2\/pages\/3987","targetHints":{"allow":["GET"]}}],"collection":[{"href":"https:\/\/comunicacionsocial.ufpso.edu.co\/index.php?rest_route=\/wp\/v2\/pages"}],"about":[{"href":"https:\/\/comunicacionsocial.ufpso.edu.co\/index.php?rest_route=\/wp\/v2\/types\/page"}],"author":[{"embeddable":true,"href":"https:\/\/comunicacionsocial.ufpso.edu.co\/index.php?rest_route=\/wp\/v2\/users\/1"}],"replies":[{"embeddable":true,"href":"https:\/\/comunicacionsocial.ufpso.edu.co\/index.php?rest_route=%2Fwp%2Fv2%2Fcomments&post=3987"}],"version-history":[{"count":4,"href":"https:\/\/comunicacionsocial.ufpso.edu.co\/index.php?rest_route=\/wp\/v2\/pages\/3987\/revisions"}],"predecessor-version":[{"id":4261,"href":"https:\/\/comunicacionsocial.ufpso.edu.co\/index.php?rest_route=\/wp\/v2\/pages\/3987\/revisions\/4261"}],"wp:attachment":[{"href":"https:\/\/comunicacionsocial.ufpso.edu.co\/index.php?rest_route=%2Fwp%2Fv2%2Fmedia&parent=3987"}],"curies":[{"name":"wp","href":"https:\/\/api.w.org\/{rel}","templated":true}]}}