{"id":3991,"date":"2025-06-11T21:04:23","date_gmt":"2025-06-11T21:04:23","guid":{"rendered":"https:\/\/comunicacionsocial.ufpso.edu.co\/?page_id=3991"},"modified":"2025-06-19T14:25:06","modified_gmt":"2025-06-19T14:25:06","slug":"cine-foro-35mm","status":"publish","type":"page","link":"https:\/\/comunicacionsocial.ufpso.edu.co\/?page_id=3991","title":{"rendered":"Cine foro 35mm"},"content":{"rendered":"\n<figure class=\"wp-block-image size-large is-resized\"><img loading=\"lazy\" decoding=\"async\" width=\"1024\" height=\"397\" src=\"https:\/\/comunicacionsocial.ufpso.edu.co\/wp-content\/uploads\/2025\/06\/Logo-Cine-Foro_Mesa-de-trabajo-1-1024x397.png\" alt=\"\" class=\"wp-image-4222\" style=\"width:1170px;height:auto\" srcset=\"https:\/\/comunicacionsocial.ufpso.edu.co\/wp-content\/uploads\/2025\/06\/Logo-Cine-Foro_Mesa-de-trabajo-1-1024x397.png 1024w, https:\/\/comunicacionsocial.ufpso.edu.co\/wp-content\/uploads\/2025\/06\/Logo-Cine-Foro_Mesa-de-trabajo-1-300x116.png 300w, https:\/\/comunicacionsocial.ufpso.edu.co\/wp-content\/uploads\/2025\/06\/Logo-Cine-Foro_Mesa-de-trabajo-1-768x298.png 768w, https:\/\/comunicacionsocial.ufpso.edu.co\/wp-content\/uploads\/2025\/06\/Logo-Cine-Foro_Mesa-de-trabajo-1-1536x595.png 1536w, https:\/\/comunicacionsocial.ufpso.edu.co\/wp-content\/uploads\/2025\/06\/Logo-Cine-Foro_Mesa-de-trabajo-1-2048x794.png 2048w\" sizes=\"auto, (max-width: 1024px) 100vw, 1024px\" \/><\/figure>\n\n\n\n<p>El Cine Foro&nbsp;35<sup>mm<\/sup>&nbsp;liderado por el programa de Comunicaci\u00f3n Social, es un espacio acad\u00e9mico de discusi\u00f3n, orientado a fortalecer en los asistentes las competencias cr\u00edtica, reflexiva y anal\u00edtica, procurando en primer lugar la formaci\u00f3n integral de los futuros comunicadores sociales, as\u00ed como la apertura de un di\u00e1logo interdisciplinario e intercultural entre la comunidad de la Universidad Francisco de Paula Santander Oca\u00f1a.<\/p>\n\n\n\n<p>Es un escenario dise\u00f1ado con el prop\u00f3sito de despertar en los espectadores la sensibilidad y la interpretaci\u00f3n de las realidades sociales, culturales, pol\u00edticas, econ\u00f3micas, etc., y as\u00ed incentivar su participaci\u00f3n en la construcci\u00f3n y\/o reconstrucci\u00f3n del tejido social.&nbsp;<\/p>\n\n\n\n<p>Y es que el cine, como lenguaje, \u201ces uno de los escenarios m\u00e1s comunes por donde circulan los referentes simb\u00f3licos y las pr\u00e1cticas sociales de una comunidad\u201d (Ministerio de Cultura, 2008, p\u00e1rr. 1). Gracias a la integraci\u00f3n de im\u00e1genes y sonido, el cine tiene la capacidad de transportar al espectador a un mundo re-creado, acci\u00f3n que se potencia si el receptor tiene los suficientes elementos (de orden narrativo, conceptual y est\u00e9tico) que le permitan leer de forma \u00edntegra el discurso audiovisual y as\u00ed encontrar a trav\u00e9s de \u00e9l las pistas del trasegar cultural de los pueblos: sus saberes, conocimientos, percepciones, formas de expresi\u00f3n; en fin, su identidad, y a trav\u00e9s del reconocimiento de esas identidades, encontrarnos nosotros mismos en nuestra diversidad para discutirla, comprenderla, respetarla y protegerla. Y en ese sentido:<\/p>\n\n\n\n<div class=\"wp-block-media-text is-stacked-on-mobile\"><figure class=\"wp-block-media-text__media\"><img loading=\"lazy\" decoding=\"async\" width=\"745\" height=\"929\" src=\"https:\/\/comunicacionsocial.ufpso.edu.co\/wp-content\/uploads\/2025\/06\/cineforo.png\" alt=\"\" class=\"wp-image-4329 size-full\" srcset=\"https:\/\/comunicacionsocial.ufpso.edu.co\/wp-content\/uploads\/2025\/06\/cineforo.png 745w, https:\/\/comunicacionsocial.ufpso.edu.co\/wp-content\/uploads\/2025\/06\/cineforo-241x300.png 241w\" sizes=\"auto, (max-width: 745px) 100vw, 745px\" \/><\/figure><div class=\"wp-block-media-text__content\">\n<p>El cine construye su relato por medio de im\u00e1genes visuales, auditivas \u2014sonoras y musicales\u2014, verbales \u2014orales o escritas\u2014, anal\u00f3gicas o digitales. Y las im\u00e1genes son representaciones, est\u00e1n en el lugar donde debieran estar las cosas, cosas del mundo que son mundo, que se parecen al mundo en cuanto ic\u00f3nicos, que certifican o dan testimonio de \u00e9l en cuanto \u00edndices, y que remiten a valores culturales o sociales en cuanto s\u00edmbolos. (Alves y Garc\u00eda, 2014, p. 22)<\/p>\n\n\n\n<p>As\u00ed, la importancia de un escenario y estrategia de este tipo radica en la necesidad de reconocer los valores de la regi\u00f3n donde se ubica la Instituci\u00f3n y la posibilidad de formar audiencias activas, dispuestas a permear su entorno con un sentido humano y transformador. Para ello, se ha planteado que el Cine Foro 35<sup>mm<\/sup>&nbsp;parta de los objetivos, campos de conocimiento y de acci\u00f3n de las l\u00edneas del Grupo de Investigaci\u00f3n&nbsp;<strong><em>Comunnis<\/em><\/strong>, con el prop\u00f3sito de fomentar e incrementar la discusi\u00f3n acad\u00e9mica en un contexto definido por nuestras propias preocupaciones como instituci\u00f3n de educaci\u00f3n en un entorno complejo como el Catatumbo, pero tambi\u00e9n como un escenario de participaci\u00f3n mediado por un arte en el que lo ideol\u00f3gico, lo cient\u00edfico y lo est\u00e9tico se conjugan para ofrecer al espectador una experiencia compleja de las relaciones y preocupaciones humanas.<\/p>\n<\/div><\/div>\n\n\n\n<p><\/p>\n","protected":false},"excerpt":{"rendered":"<p>El Cine Foro&nbsp;35mm&nbsp;liderado por el programa de Comunicaci\u00f3n Social, es un espacio acad\u00e9mico de discusi\u00f3n, orientado a fortalecer en los asistentes las competencias cr\u00edtica, reflexiva y anal\u00edtica, procurando en primer lugar la formaci\u00f3n integral de los futuros comunicadores sociales, as\u00ed como la apertura de un di\u00e1logo interdisciplinario e intercultural entre la comunidad de la Universidad&hellip;&nbsp;<a href=\"https:\/\/comunicacionsocial.ufpso.edu.co\/?page_id=3991\" class=\"\" rel=\"bookmark\">Read More &raquo;<span class=\"screen-reader-text\">Cine foro 35mm<\/span><\/a><\/p>\n","protected":false},"author":1,"featured_media":0,"parent":0,"menu_order":0,"comment_status":"closed","ping_status":"closed","template":"","meta":{"neve_meta_sidebar":"full-width","neve_meta_container":"","neve_meta_enable_content_width":"on","neve_meta_content_width":100,"neve_meta_title_alignment":"","neve_meta_author_avatar":"","neve_post_elements_order":"","neve_meta_disable_header":"","neve_meta_disable_footer":"","neve_meta_disable_title":"","footnotes":""},"class_list":["post-3991","page","type-page","status-publish","hentry"],"_links":{"self":[{"href":"https:\/\/comunicacionsocial.ufpso.edu.co\/index.php?rest_route=\/wp\/v2\/pages\/3991","targetHints":{"allow":["GET"]}}],"collection":[{"href":"https:\/\/comunicacionsocial.ufpso.edu.co\/index.php?rest_route=\/wp\/v2\/pages"}],"about":[{"href":"https:\/\/comunicacionsocial.ufpso.edu.co\/index.php?rest_route=\/wp\/v2\/types\/page"}],"author":[{"embeddable":true,"href":"https:\/\/comunicacionsocial.ufpso.edu.co\/index.php?rest_route=\/wp\/v2\/users\/1"}],"replies":[{"embeddable":true,"href":"https:\/\/comunicacionsocial.ufpso.edu.co\/index.php?rest_route=%2Fwp%2Fv2%2Fcomments&post=3991"}],"version-history":[{"count":3,"href":"https:\/\/comunicacionsocial.ufpso.edu.co\/index.php?rest_route=\/wp\/v2\/pages\/3991\/revisions"}],"predecessor-version":[{"id":4330,"href":"https:\/\/comunicacionsocial.ufpso.edu.co\/index.php?rest_route=\/wp\/v2\/pages\/3991\/revisions\/4330"}],"wp:attachment":[{"href":"https:\/\/comunicacionsocial.ufpso.edu.co\/index.php?rest_route=%2Fwp%2Fv2%2Fmedia&parent=3991"}],"curies":[{"name":"wp","href":"https:\/\/api.w.org\/{rel}","templated":true}]}}