{"id":3998,"date":"2025-06-11T21:09:44","date_gmt":"2025-06-11T21:09:44","guid":{"rendered":"https:\/\/comunicacionsocial.ufpso.edu.co\/?page_id=3998"},"modified":"2025-06-17T16:00:15","modified_gmt":"2025-06-17T16:00:15","slug":"especializacion-en-gestion-de-la-comunicacion-estrategica-digital","status":"publish","type":"page","link":"https:\/\/comunicacionsocial.ufpso.edu.co\/?page_id=3998","title":{"rendered":"Especializaci\u00f3n en Gesti\u00f3n de la Comunicaci\u00f3n Estrat\u00e9gica Digital"},"content":{"rendered":"\n<figure class=\"wp-block-image size-large is-resized\"><img loading=\"lazy\" decoding=\"async\" width=\"1024\" height=\"385\" src=\"https:\/\/comunicacionsocial.ufpso.edu.co\/wp-content\/uploads\/2025\/06\/WhatsApp-Image-2025-06-16-at-9.04.30-AM-1024x385.jpeg\" alt=\"\" class=\"wp-image-4191\" style=\"width:1170px;height:auto\" srcset=\"https:\/\/comunicacionsocial.ufpso.edu.co\/wp-content\/uploads\/2025\/06\/WhatsApp-Image-2025-06-16-at-9.04.30-AM-1024x385.jpeg 1024w, https:\/\/comunicacionsocial.ufpso.edu.co\/wp-content\/uploads\/2025\/06\/WhatsApp-Image-2025-06-16-at-9.04.30-AM-300x113.jpeg 300w, https:\/\/comunicacionsocial.ufpso.edu.co\/wp-content\/uploads\/2025\/06\/WhatsApp-Image-2025-06-16-at-9.04.30-AM-768x289.jpeg 768w, https:\/\/comunicacionsocial.ufpso.edu.co\/wp-content\/uploads\/2025\/06\/WhatsApp-Image-2025-06-16-at-9.04.30-AM-1536x578.jpeg 1536w, https:\/\/comunicacionsocial.ufpso.edu.co\/wp-content\/uploads\/2025\/06\/WhatsApp-Image-2025-06-16-at-9.04.30-AM.jpeg 1600w\" sizes=\"auto, (max-width: 1024px) 100vw, 1024px\" \/><\/figure>\n\n\n\n<p>El programa de especializaci\u00f3n en Comunicaci\u00f3n Organizacional de la Universidad Francisco de Paula Santander Oca\u00f1a actualmente se oferta de manera presencial los viernes y s\u00e1bados y algunas horas de flexibilidad que son llevadas a cabo con apoyo en las TIC. Los d\u00edas y los tiempos de esas horas de flexibilidad se realizan conforme los acuerdos a los que llegue el docente con los estudiantes. Los m\u00f3dulos que conforman este programa de posgrados se desarrollan cada 15 d\u00edas teniendo en cuenta el calendario acad\u00e9mico de la Instituci\u00f3n y siguiendo los par\u00e1metros y recomendaciones dadas por la oficina de posgrados.<\/p>\n\n\n\n<p>Actualmente la especializaci\u00f3n en Comunicaci\u00f3n Organizacional &nbsp;cuenta con 12 m\u00f3dulos que se encuentran divididos de la siguiente manera: seis (6) m\u00f3dulos son vistos en el primer semestre (fundamentos te\u00f3ricos organizacionales, imagen e Identidad corporativa, comunicaci\u00f3n estrat\u00e9gica, fundamentaci\u00f3n de la responsabilidad social empresarial, seminario investigaci\u00f3n I, electiva I: &nbsp;protocolo empresarial o marketing empresarial) y seis (6) en el segundo semestre (gesti\u00f3n de la cultura organizacional, nuevos medios de la comunicaci\u00f3n, relaciones p\u00fablicas, direccionamiento estrat\u00e9gico de la RSE, seminario Investigaci\u00f3n II, electiva II:&nbsp; servicio al Cliente o gesti\u00f3n Presupuestal) con un total de 24 cr\u00e9ditos.<\/p>\n\n\n\n<p>El costo por semestre de la especializaci\u00f3n es igual a 3.5 SMMLV. El aspirante al programa posgradual deber\u00e1 pagar un PIN el cual tiene un costo de $195.000, el pago podr\u00e1 ser realizado a trav\u00e9s de PSE o en los bancos autorizados.<\/p>\n\n\n\n<div class=\"wp-block-columns is-layout-flex wp-container-core-columns-is-layout-9d6595d7 wp-block-columns-is-layout-flex\">\n<div class=\"wp-block-column is-layout-flow wp-block-column-is-layout-flow\">\n<figure class=\"wp-block-image size-large\"><img loading=\"lazy\" decoding=\"async\" width=\"819\" height=\"1024\" src=\"https:\/\/comunicacionsocial.ufpso.edu.co\/wp-content\/uploads\/2025\/06\/9fa0c535-d8d9-4858-ad91-bfa6fb4ce686-819x1024.jpg\" alt=\"\" class=\"wp-image-4214\" srcset=\"https:\/\/comunicacionsocial.ufpso.edu.co\/wp-content\/uploads\/2025\/06\/9fa0c535-d8d9-4858-ad91-bfa6fb4ce686-819x1024.jpg 819w, https:\/\/comunicacionsocial.ufpso.edu.co\/wp-content\/uploads\/2025\/06\/9fa0c535-d8d9-4858-ad91-bfa6fb4ce686-240x300.jpg 240w, https:\/\/comunicacionsocial.ufpso.edu.co\/wp-content\/uploads\/2025\/06\/9fa0c535-d8d9-4858-ad91-bfa6fb4ce686-768x960.jpg 768w, https:\/\/comunicacionsocial.ufpso.edu.co\/wp-content\/uploads\/2025\/06\/9fa0c535-d8d9-4858-ad91-bfa6fb4ce686-1229x1536.jpg 1229w, https:\/\/comunicacionsocial.ufpso.edu.co\/wp-content\/uploads\/2025\/06\/9fa0c535-d8d9-4858-ad91-bfa6fb4ce686.jpg 1280w\" sizes=\"auto, (max-width: 819px) 100vw, 819px\" \/><\/figure>\n<\/div>\n\n\n\n<div class=\"wp-block-column is-layout-flow wp-block-column-is-layout-flow\">\n<figure class=\"wp-block-image size-large\"><img loading=\"lazy\" decoding=\"async\" width=\"819\" height=\"1024\" src=\"https:\/\/comunicacionsocial.ufpso.edu.co\/wp-content\/uploads\/2025\/06\/20d0795c-e4ec-4e1d-816c-d1724f84e445-819x1024.jpg\" alt=\"\" class=\"wp-image-4213\" srcset=\"https:\/\/comunicacionsocial.ufpso.edu.co\/wp-content\/uploads\/2025\/06\/20d0795c-e4ec-4e1d-816c-d1724f84e445-819x1024.jpg 819w, https:\/\/comunicacionsocial.ufpso.edu.co\/wp-content\/uploads\/2025\/06\/20d0795c-e4ec-4e1d-816c-d1724f84e445-240x300.jpg 240w, https:\/\/comunicacionsocial.ufpso.edu.co\/wp-content\/uploads\/2025\/06\/20d0795c-e4ec-4e1d-816c-d1724f84e445-768x960.jpg 768w, https:\/\/comunicacionsocial.ufpso.edu.co\/wp-content\/uploads\/2025\/06\/20d0795c-e4ec-4e1d-816c-d1724f84e445.jpg 1080w\" sizes=\"auto, (max-width: 819px) 100vw, 819px\" \/><\/figure>\n<\/div>\n<\/div>\n\n\n\n<h2 class=\"wp-block-heading has-text-align-center\">Consideraciones<\/h2>\n\n\n\n<div class=\"wp-block-columns is-layout-flex wp-container-core-columns-is-layout-9d6595d7 wp-block-columns-is-layout-flex\">\n<div class=\"wp-block-column is-layout-flow wp-block-column-is-layout-flow\">\n<p>Si el aspirante es egresado de la Universidad Francisco de Paula Santander seccional Oca\u00f1a, tiene derecho al 20% de descuento en el valor de la matricula y derechos pecuniarios.<\/p>\n<\/div>\n\n\n\n<div class=\"wp-block-column is-layout-flow wp-block-column-is-layout-flow\">\n<p>Si el aspirante obtuvo menci\u00f3n de grado de honor o tesis laureada ser\u00e1n beneficiarios de extensi\u00f3n del 50% por concepto de matr\u00edcula y derechos pecuniarios en la sede donde obtuvo su t\u00edtulo de pregrado.<\/p>\n<\/div>\n\n\n\n<div class=\"wp-block-column is-layout-flow wp-block-column-is-layout-flow\">\n<p>Si el aspirante obtuvo distinci\u00f3n medalla de plata, tesis meritoria y quienes hayan presentado a nombre de la UFPS las pruebas saber Pro y sean reportado por el ICFES como los mayores puntajes seg\u00fan resoluci\u00f3n correspondiente, ser\u00e1n beneficiaros de extensi\u00f3n del 30% por concepto de matr\u00edcula y derechos pecuniarios en la sede donde obtuvo su t\u00edtulo de pregrado.<\/p>\n<\/div>\n<\/div>\n\n\n\n<blockquote class=\"wp-block-quote is-layout-flow wp-block-quote-is-layout-flow\">\n<p class=\"has-text-align-center\"><strong>*Estos descuentos no son acumulables y son aplicados en la sede en la que recibi\u00f3 su t\u00edtulo de pregrado*<\/strong><\/p>\n<\/blockquote>\n\n\n\n<ul class=\"wp-block-list\">\n<li><em>Los descuentos anteriormente mencionados ser\u00e1n aplicados siempre y cuando el programa alcance el punto de equilibrio<\/em><\/li>\n<\/ul>\n\n\n\n<ul class=\"wp-block-list\">\n<li>Actualmente el programa cuenta con c\u00f3digo SNIES 106850 otorgando a los estudiantes el t\u00edtulo de especialista en comunicaci\u00f3n organizacional, abriendo las puertas a nuevos campos laborales.<\/li>\n<\/ul>\n\n\n\n<ul class=\"wp-block-list\">\n<li>La oferta del programa se realiza de manera anual con una duraci\u00f3n total de 2 semestres (1 a\u00f1o)<\/li>\n<\/ul>\n\n\n\n<p><strong>Requisitos de preinscripci\u00f3n e inscripci\u00f3n al programa.<\/strong><\/p>\n\n\n\n<div class=\"wp-block-columns is-layout-flex wp-container-core-columns-is-layout-9d6595d7 wp-block-columns-is-layout-flex\">\n<div class=\"wp-block-column is-layout-flow wp-block-column-is-layout-flow\" style=\"flex-basis:66.66%\">\n<h3 class=\"wp-block-heading\"><strong>Requisitos de preinscripci\u00f3n e inscripci\u00f3n al programa<\/strong><\/h3>\n<\/div>\n\n\n\n<div class=\"wp-block-column is-layout-flow wp-block-column-is-layout-flow\" style=\"flex-basis:33.33%\">\n<div class=\"wp-block-buttons has-custom-font-size has-large-font-size is-layout-flex wp-block-buttons-is-layout-flex\">\n<div class=\"wp-block-button\"><a class=\"wp-block-button__link has-nv-site-bg-color has-neve-link-hover-color-background-color has-text-color has-background has-link-color has-text-align-right wp-element-button\" href=\"https:\/\/aspirante.ufpso.edu.co\/app\/#preinscripcion\">Preinscribirse<\/a><\/div>\n<\/div>\n<\/div>\n<\/div>\n\n\n\n<div class=\"wp-block-columns is-layout-flex wp-container-core-columns-is-layout-9d6595d7 wp-block-columns-is-layout-flex\">\n<div class=\"wp-block-column is-layout-flow wp-block-column-is-layout-flow\">\n<p><strong>Acuerdo 044 del 22 de julio de 2016.<\/strong><\/p>\n\n\n\n<p>Art\u00edculo Primero.<\/p>\n\n\n\n<p><strong>Par\u00e1grafo 8.<\/strong> El aspirante a un programa de posgrado se matricular\u00e1 con la fotocopia de las notas y durante el primer semestre deber\u00e1 entregar el certificado oficial en original, como requisito para realizar la legalizaci\u00f3n de la matr\u00edcula del segundo semestre acad\u00e9mico del programa.<\/p>\n\n\n\n<p><strong>Par\u00e1grafo 9.<\/strong> Los aspirantes que hayan obtenido el t\u00edtulo de pregrado en la UFPS no tendr\u00e1n que hacer entrega del certificado de calificaciones, las cuales deben ser tramitadas y\/o consultadas por la Direcci\u00f3n de Posgrados de la Universidad.<\/p>\n\n\n\n<p>En el resumen de la hoja de vida del aspirante debe informar:<\/p>\n\n\n\n<ul class=\"wp-block-list\">\n<li>Nombres.<\/li>\n\n\n\n<li>Apellidos.<\/li>\n\n\n\n<li>Fecha de nacimiento.<\/li>\n\n\n\n<li>Documento de identidad.<\/li>\n\n\n\n<li>N\u00famero de libreta militar.<\/li>\n\n\n\n<li>N\u00famero de matr\u00edcula profesional.<\/li>\n\n\n\n<li>Direcci\u00f3n de residencia.<\/li>\n\n\n\n<li>Direcci\u00f3n de oficina.<\/li>\n\n\n\n<li>Tel\u00e9fono de residencia y\/o celular.<\/li>\n\n\n\n<li>Tel\u00e9fono de oficina.<\/li>\n\n\n\n<li>Correo electr\u00f3nico<\/li>\n\n\n\n<li>Informaci\u00f3n acad\u00e9mica<\/li>\n\n\n\n<li>Estudio de pregrado.<\/li>\n\n\n\n<li>T\u00edtulo obtenido.<\/li>\n\n\n\n<li>Instituci\u00f3n.<\/li>\n\n\n\n<li>Estudios de posgrados.<\/li>\n\n\n\n<li>T\u00edtulo obtenido.<\/li>\n\n\n\n<li>Instituci\u00f3n.<\/li>\n<\/ul>\n\n\n\n<p>Otros.<\/p>\n\n\n\n<ul class=\"wp-block-list\">\n<li>Distinciones acad\u00e9micas. Incluir soporte.<\/li>\n\n\n\n<li>Informaci\u00f3n laboral y\/o Investigativa<\/li>\n<\/ul>\n<\/div>\n\n\n\n<div class=\"wp-block-column has-neve-link-hover-color-background-color has-background is-layout-flow wp-block-column-is-layout-flow\">\n<p>Pasos para la preinscripci\u00f3n:<br><br>&#8211; Seleccione preinscripci\u00f3n<\/p>\n\n\n\n<ul class=\"wp-block-list\">\n<li>Presencial<\/li>\n<\/ul>\n\n\n\n<ul class=\"wp-block-list\">\n<li>Posgrado<\/li>\n<\/ul>\n\n\n\n<ul class=\"wp-block-list\">\n<li>Elija Especializaci\u00f3n en Comunicaci\u00f3n Organizacional.<\/li>\n<\/ul>\n\n\n\n<ul class=\"wp-block-list\">\n<li>Valor inscripci\u00f3n: 0.15 SMMLV.<\/li>\n<\/ul>\n\n\n\n<ul class=\"wp-block-list\">\n<li>Valor matr\u00edcula: 3.5 SMMLV (20% concepto matr\u00edcula y 80% derechos pecuniarios).<\/li>\n<\/ul>\n\n\n\n<p>Debe entregar en la Oficina de Divisi\u00f3n de Posgrados en una carpeta marr\u00f3n con marbete vertical la siguiente documentaci\u00f3n:<\/p>\n\n\n\n<ul class=\"wp-block-list\">\n<li>Formulario de Inscripci\u00f3n debidamente diligenciado, impreso y firmado.<\/li>\n\n\n\n<li>Fotocopia del diploma que acredita el grado profesional.<\/li>\n\n\n\n<li>Fotocopia de notas del programa de pregrado donde se especifique el promedio ponderado, para egresados de Universidades diferentes a la UFPS y UFPSO, de ser admitidos se debe entregar durante el primer semestre acad\u00e9mico el certificado de notas oficial en papeler\u00eda original.<\/li>\n\n\n\n<li>Fotocopia de c\u00e9dula de ciudadan\u00eda.<\/li>\n\n\n\n<li>Dos (2) fotograf\u00edas 3&#215;4 de frente, fondo blanco y reciente.<\/li>\n\n\n\n<li>Comprobante de pago de los derechos de inscripci\u00f3n.<\/li>\n\n\n\n<li>Resumen de la hoja de vida del aspirante.<\/li>\n<\/ul>\n<\/div>\n<\/div>\n\n\n\n<div class=\"wp-block-buttons is-content-justification-center is-layout-flex wp-container-core-buttons-is-layout-16018d1d wp-block-buttons-is-layout-flex\">\n<div class=\"wp-block-button\"><a class=\"wp-block-button__link has-nv-c-1-background-color has-background wp-element-button\" href=\"https:\/\/ufpso.edu.co\/ofertaufpso\/eco\">para ampliar la informaci\u00f3n acceder aqu\u00ed <\/a><\/div>\n<\/div>\n\n\n\n<p><\/p>\n","protected":false},"excerpt":{"rendered":"<p>El programa de especializaci\u00f3n en Comunicaci\u00f3n Organizacional de la Universidad Francisco de Paula Santander Oca\u00f1a actualmente se oferta de manera presencial los viernes y s\u00e1bados y algunas horas de flexibilidad que son llevadas a cabo con apoyo en las TIC. Los d\u00edas y los tiempos de esas horas de flexibilidad se realizan conforme los acuerdos&hellip;&nbsp;<a href=\"https:\/\/comunicacionsocial.ufpso.edu.co\/?page_id=3998\" class=\"\" rel=\"bookmark\">Read More &raquo;<span class=\"screen-reader-text\">Especializaci\u00f3n en Gesti\u00f3n de la Comunicaci\u00f3n Estrat\u00e9gica Digital<\/span><\/a><\/p>\n","protected":false},"author":1,"featured_media":0,"parent":0,"menu_order":0,"comment_status":"closed","ping_status":"closed","template":"","meta":{"neve_meta_sidebar":"full-width","neve_meta_container":"","neve_meta_enable_content_width":"on","neve_meta_content_width":100,"neve_meta_title_alignment":"","neve_meta_author_avatar":"","neve_post_elements_order":"","neve_meta_disable_header":"","neve_meta_disable_footer":"","neve_meta_disable_title":"","footnotes":""},"class_list":["post-3998","page","type-page","status-publish","hentry"],"_links":{"self":[{"href":"https:\/\/comunicacionsocial.ufpso.edu.co\/index.php?rest_route=\/wp\/v2\/pages\/3998","targetHints":{"allow":["GET"]}}],"collection":[{"href":"https:\/\/comunicacionsocial.ufpso.edu.co\/index.php?rest_route=\/wp\/v2\/pages"}],"about":[{"href":"https:\/\/comunicacionsocial.ufpso.edu.co\/index.php?rest_route=\/wp\/v2\/types\/page"}],"author":[{"embeddable":true,"href":"https:\/\/comunicacionsocial.ufpso.edu.co\/index.php?rest_route=\/wp\/v2\/users\/1"}],"replies":[{"embeddable":true,"href":"https:\/\/comunicacionsocial.ufpso.edu.co\/index.php?rest_route=%2Fwp%2Fv2%2Fcomments&post=3998"}],"version-history":[{"count":5,"href":"https:\/\/comunicacionsocial.ufpso.edu.co\/index.php?rest_route=\/wp\/v2\/pages\/3998\/revisions"}],"predecessor-version":[{"id":4221,"href":"https:\/\/comunicacionsocial.ufpso.edu.co\/index.php?rest_route=\/wp\/v2\/pages\/3998\/revisions\/4221"}],"wp:attachment":[{"href":"https:\/\/comunicacionsocial.ufpso.edu.co\/index.php?rest_route=%2Fwp%2Fv2%2Fmedia&parent=3998"}],"curies":[{"name":"wp","href":"https:\/\/api.w.org\/{rel}","templated":true}]}}